{"id":7387,"date":"2024-06-15T21:52:38","date_gmt":"2024-06-15T21:52:38","guid":{"rendered":"https:\/\/hubert1924.net\/?post_type=product&#038;p=7387"},"modified":"2025-12-19T17:32:24","modified_gmt":"2025-12-19T17:32:24","slug":"kajsija-400-1x0-7l","status":"publish","type":"product","link":"https:\/\/hubert1924.net\/index.php\/produkt\/kajsija-400-1x0-7l\/","title":{"rendered":"Kajsija 40,0% (1&#215;0.7l)"},"content":{"rendered":"","protected":false},"excerpt":{"rendered":"<p>Hubert Aprikosenbrand ist ein<br \/>\nEdelbrand mit feinsten Aromen<br \/>\nund zeichnet sich durch einen<br \/>\nbesonders ausgepr\u00e4gten s\u00fc\u00dfen<br \/>\nGeruch nach Omas Marmelade<br \/>\nund einen vollen, ausgewogenen<br \/>\nGeschmack aus.<br \/>\nGROSSE GOLDMEDAILLE<br \/>\nEiner der 9 besten Spirituosen<br \/>\nder WELT \u2013 Spiritselection<br \/>\nChina 2019.<br \/>\nGoldmedaille \u2013 Spiritselection<br \/>\nBr\u00fcssel 2020.<\/p>\n","protected":false},"featured_media":7452,"comment_status":"open","ping_status":"closed","template":"","meta":{"advanced_seo_description":"","jetpack_seo_html_title":"","jetpack_seo_noindex":false},"product_brand":[],"product_cat":[15],"product_tag":[],"class_list":{"0":"post-7387","1":"product","2":"type-product","3":"status-publish","4":"has-post-thumbnail","6":"product_cat-unkategorisiert","8":"first","9":"instock","10":"taxable","11":"shipping-taxable","12":"purchasable","13":"product-type-simple","14":"add-to-wishlist-after_add_to_cart"},"jetpack_sharing_enabled":true,"_links":{"self":[{"href":"https:\/\/hubert1924.net\/index.php\/wp-json\/wp\/v2\/product\/7387","targetHints":{"allow":["GET"]}}],"collection":[{"href":"https:\/\/hubert1924.net\/index.php\/wp-json\/wp\/v2\/product"}],"about":[{"href":"https:\/\/hubert1924.net\/index.php\/wp-json\/wp\/v2\/types\/product"}],"replies":[{"embeddable":true,"href":"https:\/\/hubert1924.net\/index.php\/wp-json\/wp\/v2\/comments?post=7387"}],"wp:featuredmedia":[{"embeddable":true,"href":"https:\/\/hubert1924.net\/index.php\/wp-json\/wp\/v2\/media\/7452"}],"wp:attachment":[{"href":"https:\/\/hubert1924.net\/index.php\/wp-json\/wp\/v2\/media?parent=7387"}],"wp:term":[{"taxonomy":"product_brand","embeddable":true,"href":"https:\/\/hubert1924.net\/index.php\/wp-json\/wp\/v2\/product_brand?post=7387"},{"taxonomy":"product_cat","embeddable":true,"href":"https:\/\/hubert1924.net\/index.php\/wp-json\/wp\/v2\/product_cat?post=7387"},{"taxonomy":"product_tag","embeddable":true,"href":"https:\/\/hubert1924.net\/index.php\/wp-json\/wp\/v2\/product_tag?post=7387"}],"curies":[{"name":"wp","href":"https:\/\/api.w.org\/{rel}","templated":true}]}}